{"id":166,"date":"2024-01-26T08:01:50","date_gmt":"2024-01-26T08:01:50","guid":{"rendered":"https:\/\/www.champagne-vautrain-paulet.fr\/cookies\/"},"modified":"2024-04-02T09:42:43","modified_gmt":"2024-04-02T09:42:43","slug":"cookies","status":"publish","type":"page","link":"https:\/\/www.champagne-vautrain-paulet.fr\/en\/cookies\/","title":{"rendered":"Cookies"},"content":{"rendered":"<div>\n<p>La pr\u00e9sente politique relative aux cookies explique comment ce site utilise des cookies et des technologies similaires pour am\u00e9liorer votre exp\u00e9rience en ligne. Nous vous encourageons \u00e0 lire attentivement cette politique pour comprendre comment nous utilisons les cookies sur notre site web.<\/p>\n<\/div>\n<div>\n<h2>A propos des cookies<\/h2>\n<p>Ce site utilise des cookies afin d\u2019am\u00e9liorer votre exp\u00e9rience et optimiser nos sites et services.<br \/>\nUn cookie est un petit fichier de texte transf\u00e9r\u00e9 \u00e0 partir d\u2019un serveur web vers votre navigateur web ou votre disque dur lorsque vous visitez un site web. Si votre navigateur web est configur\u00e9 pour accepter les cookies, ils seront stock\u00e9s dans le navigateur web ou le disque dur jusqu\u2019\u00e0 ce que la date d\u2019expiration soit d\u00e9pass\u00e9e ou jusqu\u2019\u00e0 ce que vous supprimez les cookies vous-m\u00eame.<br \/>\nEn visitant notre site web et en utilisant nos services, vous comprenez et acceptez la fa\u00e7on dont nous traitons les donn\u00e9es personnelles conform\u00e9ment \u00e0 notre politique de confidentialit\u00e9. Nous respectons votre vie priv\u00e9e et le droit de contr\u00f4ler vos donn\u00e9es personnelles. Nos principes directeurs sont simples. Nous allons \u00eatre ouverts avec quelles donn\u00e9es nous collectons et pourquoi.<br \/>\nEn utilisant le site internet, vous consentez \u00e0 l\u2019utilisation des cookies d\u00e9pos\u00e9s par notre site.<\/p>\n<\/div>\n<div>\n<h2>Nous utilisons des cookies aux fins suivantes<\/h2>\n<p><strong>Cookies essentiels<\/strong><br \/>\nCes cookies sont n\u00e9cessaires au fonctionnement de notre site web. Ils vous permettent de naviguer sur le site et d\u2019utiliser ses fonctionnalit\u00e9s de base. Sans ces cookies, certaines parties du site ne fonctionneraient pas correctement.<\/p>\n<p><strong>Cookies de performance<\/strong><br \/>\nNous utilisons ces cookies pour collecter des informations sur la mani\u00e8re dont vous utilisez notre site web, telles que les pages que vous consultez le plus souvent et les messages d\u2019erreur que vous pourriez rencontrer. Ces donn\u00e9es nous aident \u00e0 am\u00e9liorer la performance du site.<\/p>\n<p><strong>Cookies de fonctionnalit\u00e9<\/strong><br \/>\nCes cookies permettent au site web de se souvenir de vos pr\u00e9f\u00e9rences, telles que la langue que vous avez choisie ou votre emplacement. Cela nous permet de vous offrir une exp\u00e9rience plus personnalis\u00e9e.<\/p>\n<\/div>\n<div>\n<h2>Comment configurer votre navigateur<\/h2>\n<p>Ce site utilise des cookies afin d\u2019am\u00e9liorer votre exp\u00e9rience et optimiser nos sites et services.Un cookie est un petit fichier de texte transf\u00e9r\u00e9 \u00e0 partir d\u2019un serveur web vers votre navigateur web ou votre disque dur lorsque vous visitez un site web. Si votre navigateur web est configur\u00e9 pour accepter les cookies, ils seront stock\u00e9s dans le navigateur web ou le disque dur jusqu\u2019\u00e0 ce que la date d\u2019expiration soit d\u00e9pass\u00e9e ou jusqu\u2019\u00e0 ce que vous supprimez les cookies vous-m\u00eame.Vous trouverez ci-dessous les explications de notre utilisation des cookies sur nos sites web et la raison pour laquelle nous les utilisons.<\/p>\n<p><strong>Firefox<\/strong> : <a href=\"http:\/\/support.mozilla.org\/fr\/kb\/activer-desactiver-cookies\" rev=\"en_rl_none\">http:\/\/support.mozilla.org\/fr\/kb\/activer-desactiver-cookies<\/a><br \/>\n<strong>Microsoft Edge<\/strong> : <a href=\"https:\/\/support.microsoft.com\/fr-fr\/windows\/supprimer-et-g%C3%A9rer-les-cookies-168dab11-0753-043d-7c16-ede5947fc64d\" rev=\"en_rl_none\">https:\/\/support.microsoft.com\/fr-fr\/windows\/supprimer-et-g%C3%A9rer-les-cookies-168dab11-0753-043d-7c16-ede5947fc64d<\/a><br \/>\n<strong>Google Chrome<\/strong> : <a href=\"https:\/\/support.google.com\/chrome\/answer\/95647?hl=fr\" rev=\"en_rl_none\">https:\/\/support.google.com\/chrome\/answer\/95647?hl=fr<\/a><br \/>\n<strong>Safari<\/strong> : <a href=\"http:\/\/support.apple.com\/kb\/index?page=search&amp;fac=all&amp;q=cookies%20safari\" rev=\"en_rl_none\">http:\/\/support.apple.com\/kb\/index?page=search&amp;fac=all&amp;q=cookies%20safari<\/a><\/p>\n<p>Pour plus d\u2019informations vous pouvez consulter le site de la CNIL \u00e0 l\u2019adresse suivante : <a href=\"http:\/\/www.cnil.fr\/vos-droits\/vos-traces\/les-cookies\/\" rev=\"en_rl_none\">http:\/\/www.cnil.fr\/vos-droits\/vos-traces\/les-cookies\/<\/a><\/p>\n<\/div>\n<div>\n<h2>Modifications de la politique des cookies<\/h2>\n<p>Nous pouvons mettre \u00e0 jour cette politique des cookies de temps \u00e0 autre pour refl\u00e9ter les changements dans nos pratiques ou pour des raisons l\u00e9gales. Nous vous encourageons \u00e0 consulter cette page r\u00e9guli\u00e8rement pour rester inform\u00e9 des modifications.<\/p>\n<\/div>\n<div>\n<h2>Nous contacter<\/h2>\n<p>Si vous avez des questions ou des pr\u00e9occupations concernant notre utilisation des cookies, veuillez nous contacter soit par t\u00e9l\u00e9phone, soit depuis la page contact ou directement par mail.<\/p>\n<\/div>\n","protected":false},"excerpt":{"rendered":"<p>La pr\u00e9sente politique relative aux cookies explique comment ce site utilise des cookies et des technologies similaires pour am\u00e9liorer votre exp\u00e9rience en ligne. Nous vous encourageons \u00e0 lire attentivement cette politique pour comprendre comment nous utilisons les cookies sur notre site web. A propos des cookies Ce site utilise des cookies afin d\u2019am\u00e9liorer votre exp\u00e9rience [&hellip;]<\/p>\n","protected":false},"author":1,"featured_media":0,"parent":0,"menu_order":5,"comment_status":"closed","ping_status":"closed","template":"","meta":{"_acf_changed":false,"inline_featured_image":false,"footnotes":""},"class_list":["post-166","page","type-page","status-publish","hentry"],"acf":[],"yoast_head":"<!-- This site is optimized with the Yoast SEO plugin v22.7 - https:\/\/yoast.com\/wordpress\/plugins\/seo\/ -->\n<title>Cookies - Champagne Vautrain-Paulet<\/title>\n<meta name=\"robots\" content=\"index, follow, max-snippet:-1, max-image-preview:large, max-video-preview:-1\" \/>\n<link rel=\"canonical\" href=\"https:\/\/www.champagne-vautrain-paulet.fr\/en\/cookies\/\" \/>\n<meta property=\"og:locale\" content=\"en_US\" \/>\n<meta property=\"og:type\" content=\"article\" \/>\n<meta property=\"og:title\" content=\"Cookies - Champagne Vautrain-Paulet\" \/>\n<meta property=\"og:description\" content=\"La pr\u00e9sente politique relative aux cookies explique comment ce site utilise des cookies et des technologies similaires pour am\u00e9liorer votre exp\u00e9rience en ligne. Nous vous encourageons \u00e0 lire attentivement cette politique pour comprendre comment nous utilisons les cookies sur notre site web. A propos des cookies Ce site utilise des cookies afin d\u2019am\u00e9liorer votre exp\u00e9rience [&hellip;]\" \/>\n<meta property=\"og:url\" content=\"https:\/\/www.champagne-vautrain-paulet.fr\/en\/cookies\/\" \/>\n<meta property=\"og:site_name\" content=\"Champagne Vautrain-Paulet\" \/>\n<meta property=\"article:publisher\" content=\"https:\/\/www.facebook.com\/profile.php?id=100054604382917\" \/>\n<meta property=\"article:modified_time\" content=\"2024-04-02T09:42:43+00:00\" \/>\n<meta name=\"twitter:card\" content=\"summary_large_image\" \/>\n<meta name=\"twitter:label1\" content=\"Est. reading time\" \/>\n\t<meta name=\"twitter:data1\" content=\"3 minutes\" \/>\n<script type=\"application\/ld+json\" class=\"yoast-schema-graph\">{\"@context\":\"https:\/\/schema.org\",\"@graph\":[{\"@type\":\"WebPage\",\"@id\":\"https:\/\/www.champagne-vautrain-paulet.fr\/en\/cookies\/\",\"url\":\"https:\/\/www.champagne-vautrain-paulet.fr\/en\/cookies\/\",\"name\":\"Cookies - Champagne Vautrain-Paulet\",\"isPartOf\":{\"@id\":\"https:\/\/www.champagne-vautrain-paulet.fr\/#website\"},\"datePublished\":\"2024-01-26T08:01:50+00:00\",\"dateModified\":\"2024-04-02T09:42:43+00:00\",\"breadcrumb\":{\"@id\":\"https:\/\/www.champagne-vautrain-paulet.fr\/en\/cookies\/#breadcrumb\"},\"inLanguage\":\"en-US\",\"potentialAction\":[{\"@type\":\"ReadAction\",\"target\":[\"https:\/\/www.champagne-vautrain-paulet.fr\/en\/cookies\/\"]}]},{\"@type\":\"BreadcrumbList\",\"@id\":\"https:\/\/www.champagne-vautrain-paulet.fr\/en\/cookies\/#breadcrumb\",\"itemListElement\":[{\"@type\":\"ListItem\",\"position\":1,\"name\":\"Accueil\",\"item\":\"https:\/\/www.champagne-vautrain-paulet.fr\/en\/\"},{\"@type\":\"ListItem\",\"position\":2,\"name\":\"Cookies\"}]},{\"@type\":\"WebSite\",\"@id\":\"https:\/\/www.champagne-vautrain-paulet.fr\/#website\",\"url\":\"https:\/\/www.champagne-vautrain-paulet.fr\/\",\"name\":\"Champagne Vautrain-Paulet\",\"description\":\"\",\"publisher\":{\"@id\":\"https:\/\/www.champagne-vautrain-paulet.fr\/#organization\"},\"potentialAction\":[{\"@type\":\"SearchAction\",\"target\":{\"@type\":\"EntryPoint\",\"urlTemplate\":\"https:\/\/www.champagne-vautrain-paulet.fr\/?s={search_term_string}\"},\"query-input\":\"required name=search_term_string\"}],\"inLanguage\":\"en-US\"},{\"@type\":\"Organization\",\"@id\":\"https:\/\/www.champagne-vautrain-paulet.fr\/#organization\",\"name\":\"Champagne Vautrain-Paulet\",\"url\":\"https:\/\/www.champagne-vautrain-paulet.fr\/\",\"logo\":{\"@type\":\"ImageObject\",\"inLanguage\":\"en-US\",\"@id\":\"https:\/\/www.champagne-vautrain-paulet.fr\/#\/schema\/logo\/image\/\",\"url\":\"https:\/\/www.champagne-vautrain-paulet.fr\/wp-content\/uploads\/2024\/01\/logo-vautrain.svg\",\"contentUrl\":\"https:\/\/www.champagne-vautrain-paulet.fr\/wp-content\/uploads\/2024\/01\/logo-vautrain.svg\",\"width\":72,\"height\":96,\"caption\":\"Champagne Vautrain-Paulet\"},\"image\":{\"@id\":\"https:\/\/www.champagne-vautrain-paulet.fr\/#\/schema\/logo\/image\/\"},\"sameAs\":[\"https:\/\/www.facebook.com\/profile.php?id=100054604382917\",\"https:\/\/www.instagram.com\/vautrain.paulet\/\"]}]}<\/script>\n<!-- \/ Yoast SEO plugin. -->","yoast_head_json":{"title":"Cookies - Champagne Vautrain-Paulet","robots":{"index":"index","follow":"follow","max-snippet":"max-snippet:-1","max-image-preview":"max-image-preview:large","max-video-preview":"max-video-preview:-1"},"canonical":"https:\/\/www.champagne-vautrain-paulet.fr\/en\/cookies\/","og_locale":"en_US","og_type":"article","og_title":"Cookies - Champagne Vautrain-Paulet","og_description":"La pr\u00e9sente politique relative aux cookies explique comment ce site utilise des cookies et des technologies similaires pour am\u00e9liorer votre exp\u00e9rience en ligne. Nous vous encourageons \u00e0 lire attentivement cette politique pour comprendre comment nous utilisons les cookies sur notre site web. A propos des cookies Ce site utilise des cookies afin d\u2019am\u00e9liorer votre exp\u00e9rience [&hellip;]","og_url":"https:\/\/www.champagne-vautrain-paulet.fr\/en\/cookies\/","og_site_name":"Champagne Vautrain-Paulet","article_publisher":"https:\/\/www.facebook.com\/profile.php?id=100054604382917","article_modified_time":"2024-04-02T09:42:43+00:00","twitter_card":"summary_large_image","twitter_misc":{"Est. reading time":"3 minutes"},"schema":{"@context":"https:\/\/schema.org","@graph":[{"@type":"WebPage","@id":"https:\/\/www.champagne-vautrain-paulet.fr\/en\/cookies\/","url":"https:\/\/www.champagne-vautrain-paulet.fr\/en\/cookies\/","name":"Cookies - Champagne Vautrain-Paulet","isPartOf":{"@id":"https:\/\/www.champagne-vautrain-paulet.fr\/#website"},"datePublished":"2024-01-26T08:01:50+00:00","dateModified":"2024-04-02T09:42:43+00:00","breadcrumb":{"@id":"https:\/\/www.champagne-vautrain-paulet.fr\/en\/cookies\/#breadcrumb"},"inLanguage":"en-US","potentialAction":[{"@type":"ReadAction","target":["https:\/\/www.champagne-vautrain-paulet.fr\/en\/cookies\/"]}]},{"@type":"BreadcrumbList","@id":"https:\/\/www.champagne-vautrain-paulet.fr\/en\/cookies\/#breadcrumb","itemListElement":[{"@type":"ListItem","position":1,"name":"Accueil","item":"https:\/\/www.champagne-vautrain-paulet.fr\/en\/"},{"@type":"ListItem","position":2,"name":"Cookies"}]},{"@type":"WebSite","@id":"https:\/\/www.champagne-vautrain-paulet.fr\/#website","url":"https:\/\/www.champagne-vautrain-paulet.fr\/","name":"Champagne Vautrain-Paulet","description":"","publisher":{"@id":"https:\/\/www.champagne-vautrain-paulet.fr\/#organization"},"potentialAction":[{"@type":"SearchAction","target":{"@type":"EntryPoint","urlTemplate":"https:\/\/www.champagne-vautrain-paulet.fr\/?s={search_term_string}"},"query-input":"required name=search_term_string"}],"inLanguage":"en-US"},{"@type":"Organization","@id":"https:\/\/www.champagne-vautrain-paulet.fr\/#organization","name":"Champagne Vautrain-Paulet","url":"https:\/\/www.champagne-vautrain-paulet.fr\/","logo":{"@type":"ImageObject","inLanguage":"en-US","@id":"https:\/\/www.champagne-vautrain-paulet.fr\/#\/schema\/logo\/image\/","url":"https:\/\/www.champagne-vautrain-paulet.fr\/wp-content\/uploads\/2024\/01\/logo-vautrain.svg","contentUrl":"https:\/\/www.champagne-vautrain-paulet.fr\/wp-content\/uploads\/2024\/01\/logo-vautrain.svg","width":72,"height":96,"caption":"Champagne Vautrain-Paulet"},"image":{"@id":"https:\/\/www.champagne-vautrain-paulet.fr\/#\/schema\/logo\/image\/"},"sameAs":["https:\/\/www.facebook.com\/profile.php?id=100054604382917","https:\/\/www.instagram.com\/vautrain.paulet\/"]}]}},"_links":{"self":[{"href":"https:\/\/www.champagne-vautrain-paulet.fr\/en\/wp-json\/wp\/v2\/pages\/166","targetHints":{"allow":["GET"]}}],"collection":[{"href":"https:\/\/www.champagne-vautrain-paulet.fr\/en\/wp-json\/wp\/v2\/pages"}],"about":[{"href":"https:\/\/www.champagne-vautrain-paulet.fr\/en\/wp-json\/wp\/v2\/types\/page"}],"author":[{"embeddable":true,"href":"https:\/\/www.champagne-vautrain-paulet.fr\/en\/wp-json\/wp\/v2\/users\/1"}],"replies":[{"embeddable":true,"href":"https:\/\/www.champagne-vautrain-paulet.fr\/en\/wp-json\/wp\/v2\/comments?post=166"}],"version-history":[{"count":1,"href":"https:\/\/www.champagne-vautrain-paulet.fr\/en\/wp-json\/wp\/v2\/pages\/166\/revisions"}],"predecessor-version":[{"id":167,"href":"https:\/\/www.champagne-vautrain-paulet.fr\/en\/wp-json\/wp\/v2\/pages\/166\/revisions\/167"}],"wp:attachment":[{"href":"https:\/\/www.champagne-vautrain-paulet.fr\/en\/wp-json\/wp\/v2\/media?parent=166"}],"curies":[{"name":"wp","href":"https:\/\/api.w.org\/{rel}","templated":true}]}}