{"id":162,"date":"2024-01-26T08:01:34","date_gmt":"2024-01-26T08:01:34","guid":{"rendered":"https:\/\/www.champagne-vautrain-paulet.fr\/mentions-legales\/"},"modified":"2024-04-02T09:43:23","modified_gmt":"2024-04-02T09:43:23","slug":"legal-notice","status":"publish","type":"page","link":"https:\/\/www.champagne-vautrain-paulet.fr\/en\/legal-notice\/","title":{"rendered":"Legal Notice"},"content":{"rendered":"<div>\n<p>Conform\u00e9ment aux dispositions de la loi n\u00b0 2004-575 du 21 juin 2004 pour la confiance en l&#8217;\u00e9conomie num\u00e9rique, il est pr\u00e9cis\u00e9 aux utilisateurs du site <a href=\"https:\/\/champagne-vautrain-paulet.fr\/\">champagne-vautrain-paulet.fr<\/a> l&#8217;identit\u00e9 des diff\u00e9rents intervenants dans le cadre de sa r\u00e9alisation et de son suivi.<\/p>\n<\/div>\n<div>\n<h2>\u00c9diteur du site<\/h2>\n<p>Le pr\u00e9sent site, accessible \u00e0 l\u2019URL <a href=\"https:\/\/champagne-vautrain-paulet.fr\/\">champagne-vautrain-paulet.fr<\/a>, est \u00e9dit\u00e9 par : <a href=\"https:\/\/www.cochetconcept.fr\/\">Cochet Concept<\/a><\/p>\n<p>VAUTRAIN PAULET, soci\u00e9t\u00e9 au capital de 202 680,00 \u20ac, inscrite au R.C.S. de Reims sous le num\u00e9ro Reims D 378 426 803 entreprise, dont le si\u00e8ge social est situ\u00e9 au 195 FABIEN 51530 DIZY , repr\u00e9sent\u00e9(e) par Alexandre VAUTRAIN d\u00fbment habilit\u00e9e.<br \/>\nLe responsable de la publication est une personne physique.<br \/>\nLe Directeur de la publication du site est *** .<br \/>\nLe num\u00e9ro individuel TVA de l\u2019\u00e9diteur est : FR84378426803.<\/p>\n<\/div>\n<div>\n<h2>Contacts<\/h2>\n<p>Par t\u00e9l\u00e9phone : 06 26 55 24 16<br \/>\nPar e-mail : contact@champagne-vautrain-paulet.fr<br \/>\nPar courrier : 195 Rue du Colonel Fabien, 51530 Dizy<\/p>\n<\/div>\n<div>\n<h2>H\u00e9bergement<\/h2>\n<p>Le site est h\u00e9berg\u00e9 par la soci\u00e9t\u00e9 OVH SAS, situ\u00e9 2 rue Kellermann &#8211; BP 80157 &#8211; 59053 Roubaix Cedex 1 (contact t\u00e9l\u00e9phonique ou email : 1007).<\/p>\n<\/div>\n<div>\n<h2>Cr\u00e9dits<\/h2>\n<p>Design et r\u00e9alisation : Cochet Concept<br \/>\nWebmaster : Cochet Concept<\/p>\n<\/div>\n<div>\n<h2>Droit de reproduction<\/h2>\n<p>Les informations pr\u00e9sent\u00e9es sur ce site sont publiques. La reproduction des informations de ce site, \u00e0 l\u2019exception de l\u2019iconographie, est autoris\u00e9e \u00e0 la condition d\u2019en mentionner la source et de cr\u00e9er un lien sur la ou les pages de r\u00e9f\u00e9rence. Les informations de ce site ne peuvent en aucun cas \u00eatre utilis\u00e9es \u00e0 des fins commerciales ou publicitaires.<\/p>\n<\/div>\n<div>\n<h2>Donn\u00e9es personnelles<\/h2>\n<p>Le traitement de vos donn\u00e9es \u00e0 caract\u00e8re personnel est r\u00e9gi par notre Charte du respect de la vie priv\u00e9e, disponible depuis la section &#8220;Charte de Protection des Donn\u00e9es Personnelles&#8221;, conform\u00e9ment au R\u00e8glement G\u00e9n\u00e9ral sur la Protection des Donn\u00e9es 2016\/679 du 27 avril 2016 (\u00abRGPD\u00bb).<\/p>\n<\/div>\n<div>\n<h2>Donn\u00e9es Personnelles<\/h2>\n<p>Lorsque des donn\u00e9es pr\u00e9sentes sur ce site ont un caract\u00e8re nominatif, les utilisateurs doivent en faire un usage conforme aux r\u00e9glementations en vigueur et aux recommandations de la Commission nationale de l\u2019informatique et des libert\u00e9s (CNIL). Les informations utilis\u00e9es ne doivent l\u2019\u00eatre qu\u2019\u00e0 des fins personnelles, associatives ou professionnelles, toute diffusion ou utilisation \u00e0 des fins commerciales ou publicitaires \u00e9tant exclues.<\/p>\n<\/div>\n<div>\n<h2>Consommation d\u2019alcool<\/h2>\n<p>L\u2019abus d\u2019alcool est dangereux pour la sant\u00e9, consommez avec mod\u00e9ration.<\/p>\n<\/div>\n","protected":false},"excerpt":{"rendered":"<p>Conform\u00e9ment aux dispositions de la loi n\u00b0 2004-575 du 21 juin 2004 pour la confiance en l&#8217;\u00e9conomie num\u00e9rique, il est pr\u00e9cis\u00e9 aux utilisateurs du site champagne-vautrain-paulet.fr l&#8217;identit\u00e9 des diff\u00e9rents intervenants dans le cadre de sa r\u00e9alisation et de son suivi. \u00c9diteur du site Le pr\u00e9sent site, accessible \u00e0 l\u2019URL champagne-vautrain-paulet.fr, est \u00e9dit\u00e9 par : Cochet [&hellip;]<\/p>\n","protected":false},"author":1,"featured_media":0,"parent":0,"menu_order":3,"comment_status":"closed","ping_status":"closed","template":"","meta":{"_acf_changed":false,"inline_featured_image":false,"footnotes":""},"class_list":["post-162","page","type-page","status-publish","hentry"],"acf":[],"yoast_head":"<!-- This site is optimized with the Yoast SEO plugin v22.7 - https:\/\/yoast.com\/wordpress\/plugins\/seo\/ -->\n<title>Legal Notice - Champagne Vautrain-Paulet<\/title>\n<meta name=\"robots\" content=\"index, follow, max-snippet:-1, max-image-preview:large, max-video-preview:-1\" \/>\n<link rel=\"canonical\" href=\"https:\/\/www.champagne-vautrain-paulet.fr\/en\/legal-notice\/\" \/>\n<meta property=\"og:locale\" content=\"en_US\" \/>\n<meta property=\"og:type\" content=\"article\" \/>\n<meta property=\"og:title\" content=\"Legal Notice - Champagne Vautrain-Paulet\" \/>\n<meta property=\"og:description\" content=\"Conform\u00e9ment aux dispositions de la loi n\u00b0 2004-575 du 21 juin 2004 pour la confiance en l&#8217;\u00e9conomie num\u00e9rique, il est pr\u00e9cis\u00e9 aux utilisateurs du site champagne-vautrain-paulet.fr l&#8217;identit\u00e9 des diff\u00e9rents intervenants dans le cadre de sa r\u00e9alisation et de son suivi. \u00c9diteur du site Le pr\u00e9sent site, accessible \u00e0 l\u2019URL champagne-vautrain-paulet.fr, est \u00e9dit\u00e9 par : Cochet [&hellip;]\" \/>\n<meta property=\"og:url\" content=\"https:\/\/www.champagne-vautrain-paulet.fr\/en\/legal-notice\/\" \/>\n<meta property=\"og:site_name\" content=\"Champagne Vautrain-Paulet\" \/>\n<meta property=\"article:publisher\" content=\"https:\/\/www.facebook.com\/profile.php?id=100054604382917\" \/>\n<meta property=\"article:modified_time\" content=\"2024-04-02T09:43:23+00:00\" \/>\n<meta name=\"twitter:card\" content=\"summary_large_image\" \/>\n<meta name=\"twitter:label1\" content=\"Est. reading time\" \/>\n\t<meta name=\"twitter:data1\" content=\"2 minutes\" \/>\n<script type=\"application\/ld+json\" class=\"yoast-schema-graph\">{\"@context\":\"https:\/\/schema.org\",\"@graph\":[{\"@type\":\"WebPage\",\"@id\":\"https:\/\/www.champagne-vautrain-paulet.fr\/en\/legal-notice\/\",\"url\":\"https:\/\/www.champagne-vautrain-paulet.fr\/en\/legal-notice\/\",\"name\":\"Legal Notice - Champagne Vautrain-Paulet\",\"isPartOf\":{\"@id\":\"https:\/\/www.champagne-vautrain-paulet.fr\/#website\"},\"datePublished\":\"2024-01-26T08:01:34+00:00\",\"dateModified\":\"2024-04-02T09:43:23+00:00\",\"breadcrumb\":{\"@id\":\"https:\/\/www.champagne-vautrain-paulet.fr\/en\/legal-notice\/#breadcrumb\"},\"inLanguage\":\"en-US\",\"potentialAction\":[{\"@type\":\"ReadAction\",\"target\":[\"https:\/\/www.champagne-vautrain-paulet.fr\/en\/legal-notice\/\"]}]},{\"@type\":\"BreadcrumbList\",\"@id\":\"https:\/\/www.champagne-vautrain-paulet.fr\/en\/legal-notice\/#breadcrumb\",\"itemListElement\":[{\"@type\":\"ListItem\",\"position\":1,\"name\":\"Accueil\",\"item\":\"https:\/\/www.champagne-vautrain-paulet.fr\/en\/\"},{\"@type\":\"ListItem\",\"position\":2,\"name\":\"Legal Notice\"}]},{\"@type\":\"WebSite\",\"@id\":\"https:\/\/www.champagne-vautrain-paulet.fr\/#website\",\"url\":\"https:\/\/www.champagne-vautrain-paulet.fr\/\",\"name\":\"Champagne Vautrain-Paulet\",\"description\":\"\",\"publisher\":{\"@id\":\"https:\/\/www.champagne-vautrain-paulet.fr\/#organization\"},\"potentialAction\":[{\"@type\":\"SearchAction\",\"target\":{\"@type\":\"EntryPoint\",\"urlTemplate\":\"https:\/\/www.champagne-vautrain-paulet.fr\/?s={search_term_string}\"},\"query-input\":\"required name=search_term_string\"}],\"inLanguage\":\"en-US\"},{\"@type\":\"Organization\",\"@id\":\"https:\/\/www.champagne-vautrain-paulet.fr\/#organization\",\"name\":\"Champagne Vautrain-Paulet\",\"url\":\"https:\/\/www.champagne-vautrain-paulet.fr\/\",\"logo\":{\"@type\":\"ImageObject\",\"inLanguage\":\"en-US\",\"@id\":\"https:\/\/www.champagne-vautrain-paulet.fr\/#\/schema\/logo\/image\/\",\"url\":\"https:\/\/www.champagne-vautrain-paulet.fr\/wp-content\/uploads\/2024\/01\/logo-vautrain.svg\",\"contentUrl\":\"https:\/\/www.champagne-vautrain-paulet.fr\/wp-content\/uploads\/2024\/01\/logo-vautrain.svg\",\"width\":72,\"height\":96,\"caption\":\"Champagne Vautrain-Paulet\"},\"image\":{\"@id\":\"https:\/\/www.champagne-vautrain-paulet.fr\/#\/schema\/logo\/image\/\"},\"sameAs\":[\"https:\/\/www.facebook.com\/profile.php?id=100054604382917\",\"https:\/\/www.instagram.com\/vautrain.paulet\/\"]}]}<\/script>\n<!-- \/ Yoast SEO plugin. -->","yoast_head_json":{"title":"Legal Notice - Champagne Vautrain-Paulet","robots":{"index":"index","follow":"follow","max-snippet":"max-snippet:-1","max-image-preview":"max-image-preview:large","max-video-preview":"max-video-preview:-1"},"canonical":"https:\/\/www.champagne-vautrain-paulet.fr\/en\/legal-notice\/","og_locale":"en_US","og_type":"article","og_title":"Legal Notice - Champagne Vautrain-Paulet","og_description":"Conform\u00e9ment aux dispositions de la loi n\u00b0 2004-575 du 21 juin 2004 pour la confiance en l&#8217;\u00e9conomie num\u00e9rique, il est pr\u00e9cis\u00e9 aux utilisateurs du site champagne-vautrain-paulet.fr l&#8217;identit\u00e9 des diff\u00e9rents intervenants dans le cadre de sa r\u00e9alisation et de son suivi. \u00c9diteur du site Le pr\u00e9sent site, accessible \u00e0 l\u2019URL champagne-vautrain-paulet.fr, est \u00e9dit\u00e9 par : Cochet [&hellip;]","og_url":"https:\/\/www.champagne-vautrain-paulet.fr\/en\/legal-notice\/","og_site_name":"Champagne Vautrain-Paulet","article_publisher":"https:\/\/www.facebook.com\/profile.php?id=100054604382917","article_modified_time":"2024-04-02T09:43:23+00:00","twitter_card":"summary_large_image","twitter_misc":{"Est. reading time":"2 minutes"},"schema":{"@context":"https:\/\/schema.org","@graph":[{"@type":"WebPage","@id":"https:\/\/www.champagne-vautrain-paulet.fr\/en\/legal-notice\/","url":"https:\/\/www.champagne-vautrain-paulet.fr\/en\/legal-notice\/","name":"Legal Notice - Champagne Vautrain-Paulet","isPartOf":{"@id":"https:\/\/www.champagne-vautrain-paulet.fr\/#website"},"datePublished":"2024-01-26T08:01:34+00:00","dateModified":"2024-04-02T09:43:23+00:00","breadcrumb":{"@id":"https:\/\/www.champagne-vautrain-paulet.fr\/en\/legal-notice\/#breadcrumb"},"inLanguage":"en-US","potentialAction":[{"@type":"ReadAction","target":["https:\/\/www.champagne-vautrain-paulet.fr\/en\/legal-notice\/"]}]},{"@type":"BreadcrumbList","@id":"https:\/\/www.champagne-vautrain-paulet.fr\/en\/legal-notice\/#breadcrumb","itemListElement":[{"@type":"ListItem","position":1,"name":"Accueil","item":"https:\/\/www.champagne-vautrain-paulet.fr\/en\/"},{"@type":"ListItem","position":2,"name":"Legal Notice"}]},{"@type":"WebSite","@id":"https:\/\/www.champagne-vautrain-paulet.fr\/#website","url":"https:\/\/www.champagne-vautrain-paulet.fr\/","name":"Champagne Vautrain-Paulet","description":"","publisher":{"@id":"https:\/\/www.champagne-vautrain-paulet.fr\/#organization"},"potentialAction":[{"@type":"SearchAction","target":{"@type":"EntryPoint","urlTemplate":"https:\/\/www.champagne-vautrain-paulet.fr\/?s={search_term_string}"},"query-input":"required name=search_term_string"}],"inLanguage":"en-US"},{"@type":"Organization","@id":"https:\/\/www.champagne-vautrain-paulet.fr\/#organization","name":"Champagne Vautrain-Paulet","url":"https:\/\/www.champagne-vautrain-paulet.fr\/","logo":{"@type":"ImageObject","inLanguage":"en-US","@id":"https:\/\/www.champagne-vautrain-paulet.fr\/#\/schema\/logo\/image\/","url":"https:\/\/www.champagne-vautrain-paulet.fr\/wp-content\/uploads\/2024\/01\/logo-vautrain.svg","contentUrl":"https:\/\/www.champagne-vautrain-paulet.fr\/wp-content\/uploads\/2024\/01\/logo-vautrain.svg","width":72,"height":96,"caption":"Champagne Vautrain-Paulet"},"image":{"@id":"https:\/\/www.champagne-vautrain-paulet.fr\/#\/schema\/logo\/image\/"},"sameAs":["https:\/\/www.facebook.com\/profile.php?id=100054604382917","https:\/\/www.instagram.com\/vautrain.paulet\/"]}]}},"_links":{"self":[{"href":"https:\/\/www.champagne-vautrain-paulet.fr\/en\/wp-json\/wp\/v2\/pages\/162","targetHints":{"allow":["GET"]}}],"collection":[{"href":"https:\/\/www.champagne-vautrain-paulet.fr\/en\/wp-json\/wp\/v2\/pages"}],"about":[{"href":"https:\/\/www.champagne-vautrain-paulet.fr\/en\/wp-json\/wp\/v2\/types\/page"}],"author":[{"embeddable":true,"href":"https:\/\/www.champagne-vautrain-paulet.fr\/en\/wp-json\/wp\/v2\/users\/1"}],"replies":[{"embeddable":true,"href":"https:\/\/www.champagne-vautrain-paulet.fr\/en\/wp-json\/wp\/v2\/comments?post=162"}],"version-history":[{"count":2,"href":"https:\/\/www.champagne-vautrain-paulet.fr\/en\/wp-json\/wp\/v2\/pages\/162\/revisions"}],"predecessor-version":[{"id":168,"href":"https:\/\/www.champagne-vautrain-paulet.fr\/en\/wp-json\/wp\/v2\/pages\/162\/revisions\/168"}],"wp:attachment":[{"href":"https:\/\/www.champagne-vautrain-paulet.fr\/en\/wp-json\/wp\/v2\/media?parent=162"}],"curies":[{"name":"wp","href":"https:\/\/api.w.org\/{rel}","templated":true}]}}