{"id":157,"date":"2024-01-12T15:01:33","date_gmt":"2024-01-12T15:01:33","guid":{"rendered":"https:\/\/www.champagne-vautrain-paulet.fr\/contact\/"},"modified":"2024-04-02T08:24:38","modified_gmt":"2024-04-02T08:24:38","slug":"contact","status":"publish","type":"page","link":"https:\/\/www.champagne-vautrain-paulet.fr\/en\/contact\/","title":{"rendered":"Contact"},"content":{"rendered":"<p>Being a good host is essential at Maison Vautrain-Paulet.<\/p>\n<p>Amanda, Alexandre&#8217;s wife, is the hostess with the mostest when visitors come to explore the winery and sample the wine. She loves sharing the secrets behind making champagne and introducing them to the entire range. Booking preferred.<\/p>\n","protected":false},"excerpt":{"rendered":"<p>Being a good host is essential at Maison Vautrain-Paulet. Amanda, Alexandre&#8217;s wife, is the hostess with the mostest when visitors come to explore the winery and sample the wine. She loves sharing the secrets behind making champagne and introducing them to the entire range. Booking preferred.<\/p>\n","protected":false},"author":1,"featured_media":0,"parent":0,"menu_order":2,"comment_status":"closed","ping_status":"closed","template":"template-contact.php","meta":{"_acf_changed":false,"inline_featured_image":false,"footnotes":""},"class_list":["post-157","page","type-page","status-publish","hentry"],"acf":[],"yoast_head":"<!-- This site is optimized with the Yoast SEO plugin v22.7 - https:\/\/yoast.com\/wordpress\/plugins\/seo\/ -->\n<title>Champagne Vautrain-Paulet - Contact<\/title>\n<meta name=\"description\" content=\"Vautrain-Paulet : Savoir recevoir est une priorit\u00e9. Amanda accorde une grande importance \u00e0 l&#039;accueil des visiteurs pour d\u00e9couvrir la richesse de la gamme Champagne apr\u00e8s une visite du chai.\" \/>\n<meta name=\"robots\" content=\"index, follow, max-snippet:-1, max-image-preview:large, max-video-preview:-1\" \/>\n<link rel=\"canonical\" href=\"https:\/\/www.champagne-vautrain-paulet.fr\/en\/contact\/\" \/>\n<meta property=\"og:locale\" content=\"en_US\" \/>\n<meta property=\"og:type\" content=\"article\" \/>\n<meta property=\"og:title\" content=\"Champagne Vautrain-Paulet - Contact\" \/>\n<meta property=\"og:description\" content=\"Vautrain-Paulet : Savoir recevoir est une priorit\u00e9. Amanda accorde une grande importance \u00e0 l&#039;accueil des visiteurs pour d\u00e9couvrir la richesse de la gamme Champagne apr\u00e8s une visite du chai.\" \/>\n<meta property=\"og:url\" content=\"https:\/\/www.champagne-vautrain-paulet.fr\/en\/contact\/\" \/>\n<meta property=\"og:site_name\" content=\"Champagne Vautrain-Paulet\" \/>\n<meta property=\"article:publisher\" content=\"https:\/\/www.facebook.com\/profile.php?id=100054604382917\" \/>\n<meta property=\"article:modified_time\" content=\"2024-04-02T08:24:38+00:00\" \/>\n<meta name=\"twitter:card\" content=\"summary_large_image\" \/>\n<meta name=\"twitter:label1\" content=\"Est. reading time\" \/>\n\t<meta name=\"twitter:data1\" content=\"1 minute\" \/>\n<script type=\"application\/ld+json\" class=\"yoast-schema-graph\">{\"@context\":\"https:\/\/schema.org\",\"@graph\":[{\"@type\":\"WebPage\",\"@id\":\"https:\/\/www.champagne-vautrain-paulet.fr\/en\/contact\/\",\"url\":\"https:\/\/www.champagne-vautrain-paulet.fr\/en\/contact\/\",\"name\":\"Champagne Vautrain-Paulet - Contact\",\"isPartOf\":{\"@id\":\"https:\/\/www.champagne-vautrain-paulet.fr\/#website\"},\"datePublished\":\"2024-01-12T15:01:33+00:00\",\"dateModified\":\"2024-04-02T08:24:38+00:00\",\"description\":\"Vautrain-Paulet : Savoir recevoir est une priorit\u00e9. Amanda accorde une grande importance \u00e0 l'accueil des visiteurs pour d\u00e9couvrir la richesse de la gamme Champagne apr\u00e8s une visite du chai.\",\"breadcrumb\":{\"@id\":\"https:\/\/www.champagne-vautrain-paulet.fr\/en\/contact\/#breadcrumb\"},\"inLanguage\":\"en-US\",\"potentialAction\":[{\"@type\":\"ReadAction\",\"target\":[\"https:\/\/www.champagne-vautrain-paulet.fr\/en\/contact\/\"]}]},{\"@type\":\"BreadcrumbList\",\"@id\":\"https:\/\/www.champagne-vautrain-paulet.fr\/en\/contact\/#breadcrumb\",\"itemListElement\":[{\"@type\":\"ListItem\",\"position\":1,\"name\":\"Accueil\",\"item\":\"https:\/\/www.champagne-vautrain-paulet.fr\/en\/\"},{\"@type\":\"ListItem\",\"position\":2,\"name\":\"Contact\"}]},{\"@type\":\"WebSite\",\"@id\":\"https:\/\/www.champagne-vautrain-paulet.fr\/#website\",\"url\":\"https:\/\/www.champagne-vautrain-paulet.fr\/\",\"name\":\"Champagne Vautrain-Paulet\",\"description\":\"\",\"publisher\":{\"@id\":\"https:\/\/www.champagne-vautrain-paulet.fr\/#organization\"},\"potentialAction\":[{\"@type\":\"SearchAction\",\"target\":{\"@type\":\"EntryPoint\",\"urlTemplate\":\"https:\/\/www.champagne-vautrain-paulet.fr\/?s={search_term_string}\"},\"query-input\":\"required name=search_term_string\"}],\"inLanguage\":\"en-US\"},{\"@type\":\"Organization\",\"@id\":\"https:\/\/www.champagne-vautrain-paulet.fr\/#organization\",\"name\":\"Champagne Vautrain-Paulet\",\"url\":\"https:\/\/www.champagne-vautrain-paulet.fr\/\",\"logo\":{\"@type\":\"ImageObject\",\"inLanguage\":\"en-US\",\"@id\":\"https:\/\/www.champagne-vautrain-paulet.fr\/#\/schema\/logo\/image\/\",\"url\":\"https:\/\/www.champagne-vautrain-paulet.fr\/wp-content\/uploads\/2024\/01\/logo-vautrain.svg\",\"contentUrl\":\"https:\/\/www.champagne-vautrain-paulet.fr\/wp-content\/uploads\/2024\/01\/logo-vautrain.svg\",\"width\":72,\"height\":96,\"caption\":\"Champagne Vautrain-Paulet\"},\"image\":{\"@id\":\"https:\/\/www.champagne-vautrain-paulet.fr\/#\/schema\/logo\/image\/\"},\"sameAs\":[\"https:\/\/www.facebook.com\/profile.php?id=100054604382917\",\"https:\/\/www.instagram.com\/vautrain.paulet\/\"]}]}<\/script>\n<!-- \/ Yoast SEO plugin. -->","yoast_head_json":{"title":"Champagne Vautrain-Paulet - Contact","description":"Vautrain-Paulet : Savoir recevoir est une priorit\u00e9. Amanda accorde une grande importance \u00e0 l'accueil des visiteurs pour d\u00e9couvrir la richesse de la gamme Champagne apr\u00e8s une visite du chai.","robots":{"index":"index","follow":"follow","max-snippet":"max-snippet:-1","max-image-preview":"max-image-preview:large","max-video-preview":"max-video-preview:-1"},"canonical":"https:\/\/www.champagne-vautrain-paulet.fr\/en\/contact\/","og_locale":"en_US","og_type":"article","og_title":"Champagne Vautrain-Paulet - Contact","og_description":"Vautrain-Paulet : Savoir recevoir est une priorit\u00e9. Amanda accorde une grande importance \u00e0 l'accueil des visiteurs pour d\u00e9couvrir la richesse de la gamme Champagne apr\u00e8s une visite du chai.","og_url":"https:\/\/www.champagne-vautrain-paulet.fr\/en\/contact\/","og_site_name":"Champagne Vautrain-Paulet","article_publisher":"https:\/\/www.facebook.com\/profile.php?id=100054604382917","article_modified_time":"2024-04-02T08:24:38+00:00","twitter_card":"summary_large_image","twitter_misc":{"Est. reading time":"1 minute"},"schema":{"@context":"https:\/\/schema.org","@graph":[{"@type":"WebPage","@id":"https:\/\/www.champagne-vautrain-paulet.fr\/en\/contact\/","url":"https:\/\/www.champagne-vautrain-paulet.fr\/en\/contact\/","name":"Champagne Vautrain-Paulet - Contact","isPartOf":{"@id":"https:\/\/www.champagne-vautrain-paulet.fr\/#website"},"datePublished":"2024-01-12T15:01:33+00:00","dateModified":"2024-04-02T08:24:38+00:00","description":"Vautrain-Paulet : Savoir recevoir est une priorit\u00e9. Amanda accorde une grande importance \u00e0 l'accueil des visiteurs pour d\u00e9couvrir la richesse de la gamme Champagne apr\u00e8s une visite du chai.","breadcrumb":{"@id":"https:\/\/www.champagne-vautrain-paulet.fr\/en\/contact\/#breadcrumb"},"inLanguage":"en-US","potentialAction":[{"@type":"ReadAction","target":["https:\/\/www.champagne-vautrain-paulet.fr\/en\/contact\/"]}]},{"@type":"BreadcrumbList","@id":"https:\/\/www.champagne-vautrain-paulet.fr\/en\/contact\/#breadcrumb","itemListElement":[{"@type":"ListItem","position":1,"name":"Accueil","item":"https:\/\/www.champagne-vautrain-paulet.fr\/en\/"},{"@type":"ListItem","position":2,"name":"Contact"}]},{"@type":"WebSite","@id":"https:\/\/www.champagne-vautrain-paulet.fr\/#website","url":"https:\/\/www.champagne-vautrain-paulet.fr\/","name":"Champagne Vautrain-Paulet","description":"","publisher":{"@id":"https:\/\/www.champagne-vautrain-paulet.fr\/#organization"},"potentialAction":[{"@type":"SearchAction","target":{"@type":"EntryPoint","urlTemplate":"https:\/\/www.champagne-vautrain-paulet.fr\/?s={search_term_string}"},"query-input":"required name=search_term_string"}],"inLanguage":"en-US"},{"@type":"Organization","@id":"https:\/\/www.champagne-vautrain-paulet.fr\/#organization","name":"Champagne Vautrain-Paulet","url":"https:\/\/www.champagne-vautrain-paulet.fr\/","logo":{"@type":"ImageObject","inLanguage":"en-US","@id":"https:\/\/www.champagne-vautrain-paulet.fr\/#\/schema\/logo\/image\/","url":"https:\/\/www.champagne-vautrain-paulet.fr\/wp-content\/uploads\/2024\/01\/logo-vautrain.svg","contentUrl":"https:\/\/www.champagne-vautrain-paulet.fr\/wp-content\/uploads\/2024\/01\/logo-vautrain.svg","width":72,"height":96,"caption":"Champagne Vautrain-Paulet"},"image":{"@id":"https:\/\/www.champagne-vautrain-paulet.fr\/#\/schema\/logo\/image\/"},"sameAs":["https:\/\/www.facebook.com\/profile.php?id=100054604382917","https:\/\/www.instagram.com\/vautrain.paulet\/"]}]}},"_links":{"self":[{"href":"https:\/\/www.champagne-vautrain-paulet.fr\/en\/wp-json\/wp\/v2\/pages\/157","targetHints":{"allow":["GET"]}}],"collection":[{"href":"https:\/\/www.champagne-vautrain-paulet.fr\/en\/wp-json\/wp\/v2\/pages"}],"about":[{"href":"https:\/\/www.champagne-vautrain-paulet.fr\/en\/wp-json\/wp\/v2\/types\/page"}],"author":[{"embeddable":true,"href":"https:\/\/www.champagne-vautrain-paulet.fr\/en\/wp-json\/wp\/v2\/users\/1"}],"replies":[{"embeddable":true,"href":"https:\/\/www.champagne-vautrain-paulet.fr\/en\/wp-json\/wp\/v2\/comments?post=157"}],"version-history":[{"count":2,"href":"https:\/\/www.champagne-vautrain-paulet.fr\/en\/wp-json\/wp\/v2\/pages\/157\/revisions"}],"predecessor-version":[{"id":159,"href":"https:\/\/www.champagne-vautrain-paulet.fr\/en\/wp-json\/wp\/v2\/pages\/157\/revisions\/159"}],"wp:attachment":[{"href":"https:\/\/www.champagne-vautrain-paulet.fr\/en\/wp-json\/wp\/v2\/media?parent=157"}],"curies":[{"name":"wp","href":"https:\/\/api.w.org\/{rel}","templated":true}]}}